{"id":1411,"date":"2019-10-09T20:25:10","date_gmt":"2019-10-09T23:25:10","guid":{"rendered":"https:\/\/isfd169-bue.infd.edu.ar\/sitio\/?page_id=1411"},"modified":"2019-10-19T11:08:24","modified_gmt":"2019-10-19T14:08:24","slug":"centro-de-estudiantes","status":"publish","type":"page","link":"https:\/\/isfd169-bue.infd.edu.ar\/sitio\/centro-de-estudiantes\/","title":{"rendered":"Centro de Estudiantes"},"content":{"rendered":"<h2 style=\"text-align: center;\"><strong>Elecciones Centro de Estudiantes I.S.F.D N\u00b0 169<br \/>\n<\/strong><\/h2>\n<h2 style=\"text-align: center;\"><strong> Comisi\u00f3n 2019-2020.<\/strong><\/h2>\n<p style=\"text-align: left;\"><strong>Presidenta:<\/strong> Sol Tkaczuk ( Prof. Historia 2\u00b0 A\u00f1o)<\/p>\n<p style=\"text-align: left;\"><strong>Vice Presidenta<\/strong>: Claribel Valenzuela\u00a0 ( Prof. Educaci\u00f3n F\u00edsica 1\u00b0 A\u00f1o)<\/p>\n<p style=\"text-align: left;\"><strong>Secretaria:<\/strong> Marta Rodriguez ( Prof. Educaci\u00f3n Inicial 2\u00b0 A\u00f1o)<\/p>\n<p style=\"text-align: left;\"><strong>Tesorera<\/strong>: Ail\u00edn Zotta ( Prof. Educaci\u00f3n Inicial 2 \u00b0 A\u00f1o)<\/p>\n<p style=\"text-align: left;\"><strong>1\u00b0 Vocal:<\/strong> Fabi\u00e1n Vallejos ( Prof. Matem\u00e1tica 4 A\u00f1o)<\/p>\n<p style=\"text-align: left;\"><strong>2\u00b0 Vocal:<\/strong> Gabriel Nicola ( Prof. Historia 1\u00b0 A\u00f1o)<\/p>\n<p style=\"text-align: left;\"><strong>3\u00b0 Vocal:<\/strong> Jonatan Galasso (Prof. Historia 1 A\u00f1o)<\/p>\n<p style=\"text-align: left;\"><img decoding=\"async\" loading=\"lazy\" class=\"alignnone size-medium wp-image-1418\" src=\"https:\/\/isfd169-bue.infd.edu.ar\/sitio\/wp-content\/uploads\/2019\/10\/1-1000x750.jpg\" alt=\"\" width=\"1000\" height=\"750\" srcset=\"https:\/\/isfd169-bue.infd.edu.ar\/sitio\/wp-content\/uploads\/2019\/10\/1-1000x750.jpg 1000w, https:\/\/isfd169-bue.infd.edu.ar\/sitio\/wp-content\/uploads\/2019\/10\/1-768x576.jpg 768w, https:\/\/isfd169-bue.infd.edu.ar\/sitio\/wp-content\/uploads\/2019\/10\/1.jpg 1152w\" sizes=\"(max-width: 1000px) 100vw, 1000px\" \/> <img decoding=\"async\" loading=\"lazy\" class=\"alignnone size-medium wp-image-1419\" src=\"https:\/\/isfd169-bue.infd.edu.ar\/sitio\/wp-content\/uploads\/2019\/10\/2-1-1000x750.jpg\" alt=\"\" width=\"1000\" height=\"750\" srcset=\"https:\/\/isfd169-bue.infd.edu.ar\/sitio\/wp-content\/uploads\/2019\/10\/2-1-1000x750.jpg 1000w, https:\/\/isfd169-bue.infd.edu.ar\/sitio\/wp-content\/uploads\/2019\/10\/2-1-768x576.jpg 768w, https:\/\/isfd169-bue.infd.edu.ar\/sitio\/wp-content\/uploads\/2019\/10\/2-1.jpg 1152w\" sizes=\"(max-width: 1000px) 100vw, 1000px\" \/> <img decoding=\"async\" loading=\"lazy\" class=\"alignnone size-medium wp-image-1420\" src=\"https:\/\/isfd169-bue.infd.edu.ar\/sitio\/wp-content\/uploads\/2019\/10\/3-1-1000x750.jpg\" alt=\"\" width=\"1000\" height=\"750\" srcset=\"https:\/\/isfd169-bue.infd.edu.ar\/sitio\/wp-content\/uploads\/2019\/10\/3-1-1000x750.jpg 1000w, https:\/\/isfd169-bue.infd.edu.ar\/sitio\/wp-content\/uploads\/2019\/10\/3-1-768x576.jpg 768w, https:\/\/isfd169-bue.infd.edu.ar\/sitio\/wp-content\/uploads\/2019\/10\/3-1.jpg 1152w\" sizes=\"(max-width: 1000px) 100vw, 1000px\" \/> <img decoding=\"async\" loading=\"lazy\" class=\"alignnone size-medium wp-image-1421\" src=\"https:\/\/isfd169-bue.infd.edu.ar\/sitio\/wp-content\/uploads\/2019\/10\/4-1-1000x750.jpg\" alt=\"\" width=\"1000\" height=\"750\" srcset=\"https:\/\/isfd169-bue.infd.edu.ar\/sitio\/wp-content\/uploads\/2019\/10\/4-1-1000x750.jpg 1000w, https:\/\/isfd169-bue.infd.edu.ar\/sitio\/wp-content\/uploads\/2019\/10\/4-1-768x576.jpg 768w, https:\/\/isfd169-bue.infd.edu.ar\/sitio\/wp-content\/uploads\/2019\/10\/4-1.jpg 1152w\" sizes=\"(max-width: 1000px) 100vw, 1000px\" \/> <img decoding=\"async\" loading=\"lazy\" class=\"alignnone size-medium wp-image-1422\" src=\"https:\/\/isfd169-bue.infd.edu.ar\/sitio\/wp-content\/uploads\/2019\/10\/5-1000x750.jpg\" alt=\"\" width=\"1000\" height=\"750\" srcset=\"https:\/\/isfd169-bue.infd.edu.ar\/sitio\/wp-content\/uploads\/2019\/10\/5-1000x750.jpg 1000w, https:\/\/isfd169-bue.infd.edu.ar\/sitio\/wp-content\/uploads\/2019\/10\/5-768x576.jpg 768w, https:\/\/isfd169-bue.infd.edu.ar\/sitio\/wp-content\/uploads\/2019\/10\/5.jpg 1152w\" sizes=\"(max-width: 1000px) 100vw, 1000px\" \/> <img decoding=\"async\" loading=\"lazy\" class=\"alignnone size-medium wp-image-1423\" src=\"https:\/\/isfd169-bue.infd.edu.ar\/sitio\/wp-content\/uploads\/2019\/10\/6-1000x750.jpg\" alt=\"\" width=\"1000\" height=\"750\" srcset=\"https:\/\/isfd169-bue.infd.edu.ar\/sitio\/wp-content\/uploads\/2019\/10\/6-1000x750.jpg 1000w, https:\/\/isfd169-bue.infd.edu.ar\/sitio\/wp-content\/uploads\/2019\/10\/6-768x576.jpg 768w, https:\/\/isfd169-bue.infd.edu.ar\/sitio\/wp-content\/uploads\/2019\/10\/6.jpg 1152w\" sizes=\"(max-width: 1000px) 100vw, 1000px\" \/><\/p>\n<p>&nbsp;<\/p>\n","protected":false},"excerpt":{"rendered":"<p>Elecciones Centro de Estudiantes I.S.F.D N\u00b0 169 Comisi\u00f3n 2019-2020. Presidenta: Sol Tkaczuk ( Prof. Historia 2\u00b0 A\u00f1o) Vice Presidenta: Claribel Valenzuela\u00a0 ( Prof. Educaci\u00f3n F\u00edsica 1\u00b0 A\u00f1o) Secretaria: Marta Rodriguez ( Prof. Educaci\u00f3n Inicial 2\u00b0 A\u00f1o) Tesorera: Ail\u00edn Zotta ( Prof. Educaci\u00f3n Inicial 2 \u00b0 A\u00f1o) 1\u00b0 Vocal: Fabi\u00e1n Vallejos ( Prof. Matem\u00e1tica 4 A\u00f1o) &#8230; <a title=\"Centro de Estudiantes\" class=\"read-more\" href=\"https:\/\/isfd169-bue.infd.edu.ar\/sitio\/centro-de-estudiantes\/\" aria-label=\"More on Centro de Estudiantes\">[+]<\/a><\/p>\n","protected":false},"author":341,"featured_media":0,"parent":0,"menu_order":0,"comment_status":"closed","ping_status":"closed","template":"","meta":[],"acf":[],"_links":{"self":[{"href":"https:\/\/isfd169-bue.infd.edu.ar\/sitio\/wp-json\/wp\/v2\/pages\/1411"}],"collection":[{"href":"https:\/\/isfd169-bue.infd.edu.ar\/sitio\/wp-json\/wp\/v2\/pages"}],"about":[{"href":"https:\/\/isfd169-bue.infd.edu.ar\/sitio\/wp-json\/wp\/v2\/types\/page"}],"author":[{"embeddable":true,"href":"https:\/\/isfd169-bue.infd.edu.ar\/sitio\/wp-json\/wp\/v2\/users\/341"}],"replies":[{"embeddable":true,"href":"https:\/\/isfd169-bue.infd.edu.ar\/sitio\/wp-json\/wp\/v2\/comments?post=1411"}],"version-history":[{"count":8,"href":"https:\/\/isfd169-bue.infd.edu.ar\/sitio\/wp-json\/wp\/v2\/pages\/1411\/revisions"}],"predecessor-version":[{"id":1429,"href":"https:\/\/isfd169-bue.infd.edu.ar\/sitio\/wp-json\/wp\/v2\/pages\/1411\/revisions\/1429"}],"wp:attachment":[{"href":"https:\/\/isfd169-bue.infd.edu.ar\/sitio\/wp-json\/wp\/v2\/media?parent=1411"}],"curies":[{"name":"wp","href":"https:\/\/api.w.org\/{rel}","templated":true}]}}