{"id":1461,"date":"2019-11-02T18:06:19","date_gmt":"2019-11-02T21:06:19","guid":{"rendered":"https:\/\/isfd169-bue.infd.edu.ar\/sitio\/?page_id=1461"},"modified":"2026-03-24T18:11:24","modified_gmt":"2026-03-24T21:11:24","slug":"planes-de-estudios","status":"publish","type":"page","link":"https:\/\/isfd169-bue.infd.edu.ar\/sitio\/planes-de-estudios\/","title":{"rendered":"Planes de Estudios de los Profesorados"},"content":{"rendered":"<p><a href=\"https:\/\/drive.google.com\/file\/d\/1TAicpKSbGlSwHF7caEPEDpezqDPCy7R3\/view?usp=sharing\">Descarga Plan de estudios del Profesorado en Educaci\u00f3n Inicial<\/a><\/p>\n<h4><a href=\"https:\/\/drive.google.com\/file\/d\/1rmt7jZFEKwRQIEzxS9XVDxBRa0ZK9-n_\/view?usp=sharing\"><strong>Correlatividades &#8211; Profesorado en Educaci\u00f3n Inicial<\/strong><\/a><\/h4>\n<p><a href=\"https:\/\/drive.google.com\/file\/d\/1dlkuFMbFQQrhkx3_MCoYdh8hVEbGqFqC\/view?usp=sharing\">Descarga Plan de estudios del Profesorado en Educaci\u00f3n F\u00edsica<\/a><\/p>\n<h4><a href=\"https:\/\/drive.google.com\/file\/d\/1h6__lpLG_L_fOlozjFY-VVNfwn65nJ9w\/view?usp=sharing\">Correlatividades &#8211; Profesorado en Educaci\u00f3n F\u00edsica<\/a><\/h4>\n<p><a href=\"https:\/\/drive.google.com\/file\/d\/1Ia3Y_bNWtnY8jX8hmDTiLuw9RmXjTbxw\/view?usp=sharing\">Descarga Plan de estudios del\u00a0 Profesorado en Educaci\u00f3n Biolog\u00eda<\/a><\/p>\n<h4><a href=\"https:\/\/drive.google.com\/file\/d\/1YtYQ1v7Fc9COcO3l8AsdXQ-mJFlG__h9\/view?usp=sharing\">Correlatividades &#8211; Profesorado en Educaci\u00f3n Secundaria en Biolog\u00eda<\/a><\/h4>\n<p><a href=\"https:\/\/drive.google.com\/file\/d\/1rBlFskbkjH3Y3ZyHW5k0Bb8uquC0WcdM\/view?usp=sharing\">Descarga Plan de estudios del Profesorado en Historia<\/a><\/p>\n<h4><a href=\"https:\/\/drive.google.com\/file\/d\/1_zHBf_MQ6G3WuNuC8A_93veGrFU9MeiY\/view?usp=sharing\">Correlatividades &#8211; Profesorado en Educaci\u00f3n Secundaria en Historia<\/a><\/h4>\n<p><a href=\"https:\/\/drive.google.com\/file\/d\/1uOOgnuqhRiXDOgD-_0cJsD03Ex_J-nNZ\/view?usp=share_link\">Descargar Plan de estudio del Profesorado en Psicolog\u00eda<\/a><\/p>\n<h4><a href=\"https:\/\/drive.google.com\/file\/d\/15mH_fRNq67L3-liJ_pyhAwMd5KUx2EpG\/view?usp=sharing\">Correlatividades &#8211; Profesorado en Psicolog\u00eda<\/a><\/h4>\n<p><a href=\"https:\/\/drive.google.com\/file\/d\/1kDWFdbLauVXRQoIwbQRZYl8rydMUp-bz\/view?usp=sharing\">Descargar Plan de Estudios Ciencia Pol\u00edtica<\/a><\/p>\n<h4>C<a href=\"https:\/\/drive.google.com\/file\/d\/1YTcE7EX0LRSQUnhZEEh6fQ9Uf-f06HVn\/view?usp=sharing\">orrelatividades &#8211; Profesorado en Ciencia Pol\u00edtica<\/a><\/h4>\n","protected":false},"excerpt":{"rendered":"<p>Descarga Plan de estudios del Profesorado en Educaci\u00f3n Inicial Correlatividades &#8211; Profesorado en Educaci\u00f3n Inicial Descarga Plan de estudios del Profesorado en Educaci\u00f3n F\u00edsica Correlatividades &#8211; Profesorado en Educaci\u00f3n F\u00edsica Descarga Plan de estudios del\u00a0 Profesorado en Educaci\u00f3n Biolog\u00eda Correlatividades &#8211; Profesorado en Educaci\u00f3n Secundaria en Biolog\u00eda Descarga Plan de estudios del Profesorado en Historia &#8230; <a title=\"Planes de Estudios de los Profesorados\" class=\"read-more\" href=\"https:\/\/isfd169-bue.infd.edu.ar\/sitio\/planes-de-estudios\/\" aria-label=\"More on Planes de Estudios de los Profesorados\">[+]<\/a><\/p>\n","protected":false},"author":341,"featured_media":0,"parent":0,"menu_order":0,"comment_status":"closed","ping_status":"closed","template":"","meta":[],"acf":[],"_links":{"self":[{"href":"https:\/\/isfd169-bue.infd.edu.ar\/sitio\/wp-json\/wp\/v2\/pages\/1461"}],"collection":[{"href":"https:\/\/isfd169-bue.infd.edu.ar\/sitio\/wp-json\/wp\/v2\/pages"}],"about":[{"href":"https:\/\/isfd169-bue.infd.edu.ar\/sitio\/wp-json\/wp\/v2\/types\/page"}],"author":[{"embeddable":true,"href":"https:\/\/isfd169-bue.infd.edu.ar\/sitio\/wp-json\/wp\/v2\/users\/341"}],"replies":[{"embeddable":true,"href":"https:\/\/isfd169-bue.infd.edu.ar\/sitio\/wp-json\/wp\/v2\/comments?post=1461"}],"version-history":[{"count":10,"href":"https:\/\/isfd169-bue.infd.edu.ar\/sitio\/wp-json\/wp\/v2\/pages\/1461\/revisions"}],"predecessor-version":[{"id":2385,"href":"https:\/\/isfd169-bue.infd.edu.ar\/sitio\/wp-json\/wp\/v2\/pages\/1461\/revisions\/2385"}],"wp:attachment":[{"href":"https:\/\/isfd169-bue.infd.edu.ar\/sitio\/wp-json\/wp\/v2\/media?parent=1461"}],"curies":[{"name":"wp","href":"https:\/\/api.w.org\/{rel}","templated":true}]}}