{"id":2088,"date":"2022-11-01T19:50:02","date_gmt":"2022-11-01T22:50:02","guid":{"rendered":"https:\/\/isfd169-bue.infd.edu.ar\/sitio\/?page_id=2088"},"modified":"2023-12-26T19:53:24","modified_gmt":"2023-12-26T22:53:24","slug":"profesorado-en-educacion-fisica","status":"publish","type":"page","link":"https:\/\/isfd169-bue.infd.edu.ar\/sitio\/profesorado-en-educacion-fisica\/","title":{"rendered":"Profesorado en Educaci\u00f3n F\u00edsica"},"content":{"rendered":"<div class=\"wp-block-image\">\n<figure class=\"aligncenter size-large\"><img decoding=\"async\" loading=\"lazy\" width=\"320\" height=\"180\" src=\"https:\/\/isfd169-bue.infd.edu.ar\/sitio\/wp-content\/uploads\/2022\/11\/educacion-fisica-1.jpg\" alt=\"\" class=\"wp-image-2097\"\/><\/figure><\/div>\n\n\n<p>El docente de Educaci\u00f3n F\u00edsica se forma para trabajar en la ense\u00f1anza de todas las edades: ni\u00f1os\/as, adolescentes, j\u00f3venes, adultos y adultos mayores, en contextos institucionales y \u00e1mbitos diversos. Por ello, se requiere que en la formaci\u00f3n inicial el alumno comprenda la complejidad de la subjetividad en cada per\u00edodo de la vida, como tambi\u00e9n la complejidad social y cultural que atraviesa y condiciona la existencia humana.<\/p>\n\n\n\n<p>Es necesario situar al sujeto y sus pr\u00e1cticas socio-corporales como eje de todo proceso o propuesta de la pr\u00e1ctica docente en Educaci\u00f3n F\u00edsica, respetando las diferencias de g\u00e9nero y superando, en t\u00e9rminos de Lipovetsky, la racionalidad funcional del cuerpo (la eficacia, los m\u00e9ritos, la utilidad) y la cultura hedonista de la individualizaci\u00f3n, centrada en procesos est\u00e9ticos m\u00e1s que \u00e9ticos, cuestiones contempladas en los nuevos Dise\u00f1os Curriculares de la materia para la Educaci\u00f3n Inicial, Primaria y Secundaria, cuyos ejes parten de una dimensi\u00f3n compleja, hol\u00edstica y en constante construcci\u00f3n del sujeto en situaci\u00f3n.<\/p>\n\n\n\n<p><strong><span class=\"has-inline-color has-luminous-vivid-orange-color\">Duraci\u00f3n: 4 A\u00f1os <\/span><\/strong><\/p>\n\n\n\n<p><mark style=\"background-color:rgba(0, 0, 0, 0)\" class=\"has-inline-color has-pale-pink-color\"><a href=\"https:\/\/drive.google.com\/file\/d\/1d3FgDxFyGSWZZKubjHNajMth0HmxZllJ\/view?usp=share_link\" data-type=\"URL\" data-id=\"https:\/\/drive.google.com\/file\/d\/1d3FgDxFyGSWZZKubjHNajMth0HmxZllJ\/view?usp=share_link\">Dise\u00f1o Curricular<\/a><\/mark><\/p>\n\n\n\n<p><mark style=\"background-color:rgba(0, 0, 0, 0)\" class=\"has-inline-color has-vivid-cyan-blue-color\"><a href=\"https:\/\/drive.google.com\/file\/d\/10Be-p3rn3OdRh9NVs1SCKUMUTb_MtSzB\/view?usp=share_link\" data-type=\"URL\" data-id=\"https:\/\/drive.google.com\/file\/d\/10Be-p3rn3OdRh9NVs1SCKUMUTb_MtSzB\/view?usp=share_link\">Estructura Curricular<\/a> <\/mark><\/p>\n\n\n\n<p><mark style=\"background-color:rgba(0, 0, 0, 0)\" class=\"has-inline-color has-vivid-red-color\">Correlatividades<\/mark><\/p>\n\n\n\n<p>Planilla de Inscripci\u00f3n<\/p>\n\n\n\n<p><a href=\"https:\/\/drive.google.com\/file\/d\/1zB4zMEApdbhDlyv5_JDeKfKg481mp-Sx\/view?usp=share_link\" data-type=\"URL\" data-id=\"https:\/\/drive.google.com\/file\/d\/1zB4zMEApdbhDlyv5_JDeKfKg481mp-Sx\/view?usp=share_link\">Planilla M\u00e9dica <\/a><\/p>\n","protected":false},"excerpt":{"rendered":"<p>El docente de Educaci\u00f3n F\u00edsica se forma para trabajar en la ense\u00f1anza de todas las edades: ni\u00f1os\/as, adolescentes, j\u00f3venes, adultos y adultos mayores, en contextos institucionales y \u00e1mbitos diversos. Por ello, se requiere que en la formaci\u00f3n inicial el alumno comprenda la complejidad de la subjetividad en cada per\u00edodo de la vida, como tambi\u00e9n la &#8230; <a title=\"Profesorado en Educaci\u00f3n F\u00edsica\" class=\"read-more\" href=\"https:\/\/isfd169-bue.infd.edu.ar\/sitio\/profesorado-en-educacion-fisica\/\" aria-label=\"More on Profesorado en Educaci\u00f3n F\u00edsica\">[+]<\/a><\/p>\n","protected":false},"author":341,"featured_media":0,"parent":0,"menu_order":0,"comment_status":"closed","ping_status":"closed","template":"","meta":[],"acf":[],"_links":{"self":[{"href":"https:\/\/isfd169-bue.infd.edu.ar\/sitio\/wp-json\/wp\/v2\/pages\/2088"}],"collection":[{"href":"https:\/\/isfd169-bue.infd.edu.ar\/sitio\/wp-json\/wp\/v2\/pages"}],"about":[{"href":"https:\/\/isfd169-bue.infd.edu.ar\/sitio\/wp-json\/wp\/v2\/types\/page"}],"author":[{"embeddable":true,"href":"https:\/\/isfd169-bue.infd.edu.ar\/sitio\/wp-json\/wp\/v2\/users\/341"}],"replies":[{"embeddable":true,"href":"https:\/\/isfd169-bue.infd.edu.ar\/sitio\/wp-json\/wp\/v2\/comments?post=2088"}],"version-history":[{"count":5,"href":"https:\/\/isfd169-bue.infd.edu.ar\/sitio\/wp-json\/wp\/v2\/pages\/2088\/revisions"}],"predecessor-version":[{"id":2243,"href":"https:\/\/isfd169-bue.infd.edu.ar\/sitio\/wp-json\/wp\/v2\/pages\/2088\/revisions\/2243"}],"wp:attachment":[{"href":"https:\/\/isfd169-bue.infd.edu.ar\/sitio\/wp-json\/wp\/v2\/media?parent=2088"}],"curies":[{"name":"wp","href":"https:\/\/api.w.org\/{rel}","templated":true}]}}