{"id":286,"date":"2016-10-31T13:17:59","date_gmt":"2016-10-31T16:17:59","guid":{"rendered":"https:\/\/isfd169-bue.infd.edu.ar\/sitio\/?page_id=286"},"modified":"2026-03-25T14:02:50","modified_gmt":"2026-03-25T17:02:50","slug":"inicio","status":"publish","type":"page","link":"https:\/\/isfd169-bue.infd.edu.ar\/sitio\/","title":{"rendered":"Contacto"},"content":{"rendered":"<h2 data-wp-editing=\"1\"><img decoding=\"async\" loading=\"lazy\" class=\" wp-image-1958 aligncenter\" src=\"https:\/\/isfd169-bue.infd.edu.ar\/sitio\/wp-content\/uploads\/2022\/03\/logo_ua169-512-512.png\" alt=\"\" width=\"145\" height=\"145\" srcset=\"https:\/\/isfd169-bue.infd.edu.ar\/sitio\/wp-content\/uploads\/2022\/03\/logo_ua169-512-512.png 512w, https:\/\/isfd169-bue.infd.edu.ar\/sitio\/wp-content\/uploads\/2022\/03\/logo_ua169-512-512-500x500.png 500w\" sizes=\"(max-width: 145px) 100vw, 145px\" \/><\/h2>\n<h1 style=\"text-align: center;\" data-wp-editing=\"1\">PROFESORADOS\u00a0 2025<\/h1>\n<p>&nbsp;<\/p>\n<p><strong><em> <img decoding=\"async\" loading=\"lazy\" class=\"alignnone wp-image-2217\" src=\"https:\/\/isfd169-bue.infd.edu.ar\/sitio\/wp-content\/uploads\/2023\/12\/subir-Biologia-1000x563.jpg\" alt=\"\" width=\"468\" height=\"263\" srcset=\"https:\/\/isfd169-bue.infd.edu.ar\/sitio\/wp-content\/uploads\/2023\/12\/subir-Biologia-1000x563.jpg 1000w, https:\/\/isfd169-bue.infd.edu.ar\/sitio\/wp-content\/uploads\/2023\/12\/subir-Biologia-768x432.jpg 768w, https:\/\/isfd169-bue.infd.edu.ar\/sitio\/wp-content\/uploads\/2023\/12\/subir-Biologia.jpg 1280w\" sizes=\"(max-width: 468px) 100vw, 468px\" \/> <img decoding=\"async\" loading=\"lazy\" class=\"alignnone  wp-image-2218\" src=\"https:\/\/isfd169-bue.infd.edu.ar\/sitio\/wp-content\/uploads\/2023\/12\/subir-educacion-Fisica-1000x563.jpg\" alt=\"\" width=\"476\" height=\"268\" srcset=\"https:\/\/isfd169-bue.infd.edu.ar\/sitio\/wp-content\/uploads\/2023\/12\/subir-educacion-Fisica-1000x563.jpg 1000w, https:\/\/isfd169-bue.infd.edu.ar\/sitio\/wp-content\/uploads\/2023\/12\/subir-educacion-Fisica-768x432.jpg 768w, https:\/\/isfd169-bue.infd.edu.ar\/sitio\/wp-content\/uploads\/2023\/12\/subir-educacion-Fisica.jpg 1280w\" sizes=\"(max-width: 476px) 100vw, 476px\" \/> <img decoding=\"async\" loading=\"lazy\" class=\"alignnone  wp-image-2219\" src=\"https:\/\/isfd169-bue.infd.edu.ar\/sitio\/wp-content\/uploads\/2023\/12\/subir-historia-1000x563.jpg\" alt=\"\" width=\"469\" height=\"264\" srcset=\"https:\/\/isfd169-bue.infd.edu.ar\/sitio\/wp-content\/uploads\/2023\/12\/subir-historia-1000x563.jpg 1000w, https:\/\/isfd169-bue.infd.edu.ar\/sitio\/wp-content\/uploads\/2023\/12\/subir-historia-768x432.jpg 768w, https:\/\/isfd169-bue.infd.edu.ar\/sitio\/wp-content\/uploads\/2023\/12\/subir-historia.jpg 1280w\" sizes=\"(max-width: 469px) 100vw, 469px\" \/> <img decoding=\"async\" loading=\"lazy\" class=\"alignnone  wp-image-2220\" src=\"https:\/\/isfd169-bue.infd.edu.ar\/sitio\/wp-content\/uploads\/2023\/12\/subir-inicial-1000x563.jpg\" alt=\"\" width=\"483\" height=\"272\" srcset=\"https:\/\/isfd169-bue.infd.edu.ar\/sitio\/wp-content\/uploads\/2023\/12\/subir-inicial-1000x563.jpg 1000w, https:\/\/isfd169-bue.infd.edu.ar\/sitio\/wp-content\/uploads\/2023\/12\/subir-inicial-768x432.jpg 768w, https:\/\/isfd169-bue.infd.edu.ar\/sitio\/wp-content\/uploads\/2023\/12\/subir-inicial.jpg 1280w\" sizes=\"(max-width: 483px) 100vw, 483px\" \/><\/em><\/strong><\/p>\n<p><img decoding=\"async\" loading=\"lazy\" class=\"wp-image-2224 alignleft\" src=\"https:\/\/isfd169-bue.infd.edu.ar\/sitio\/wp-content\/uploads\/2023\/12\/ciencias-politicas.jpg\" alt=\"\" width=\"397\" height=\"238\" \/><\/p>\n<p><strong><em> <br \/><\/em><\/strong><\/p>\n<p>&nbsp;<\/p>\n<p>&nbsp;<\/p>\n<p>&nbsp;<\/p>\n<p>&nbsp;<\/p>\n<h2 data-wp-editing=\"1\">\u00a0<\/h2>\n<h2 style=\"text-align: center;\" data-wp-editing=\"1\">INICIO DE INSCRIPCI\u00d3N <strong>La inscripci\u00f3n ser\u00e1 de manera presencial en la sede la Instituci\u00f3n Av. Buenos Aires 684 &#8211; de 18 a 21hs<\/strong><strong><em>\u00a0<\/em><\/strong><\/h2>\n<p><img decoding=\"async\" loading=\"lazy\" class=\"size-full wp-image-2114 aligncenter\" src=\"https:\/\/isfd169-bue.infd.edu.ar\/sitio\/wp-content\/uploads\/2022\/11\/descarga.jpg\" alt=\"\" width=\"300\" height=\"150\" \/><\/p>\n<h3 style=\"text-align: left;\" data-wp-editing=\"1\"><a href=\"https:\/\/drive.google.com\/file\/d\/18ZwX4NEFc5yUkK3noeuT8s3VQLw30di8\/view?usp=sharing\">Descargar Planilla de Inscripci\u00f3n\u00a0 \u00a0<\/a>\u00a0\u00a0\u00a0\u00a0\u00a0\u00a0\u00a0\u00a0\u00a0\u00a0\u00a0\u00a0\u00a0\u00a0\u00a0\u00a0<\/h3>\n<h3 style=\"text-align: left;\" data-wp-editing=\"1\"><a href=\"https:\/\/drive.google.com\/file\/d\/1zB4zMEApdbhDlyv5_JDeKfKg481mp-Sx\/view?usp=share_link\" target=\"_blank\" rel=\"noopener\">Descargar Ficha de Salud solo para el Profesorado en Educaci\u00f3n F\u00edsica<\/a><\/h3>\n<p><!--more--><\/p>\n<p data-wp-editing=\"1\">\u00a0<\/p>\n<p data-wp-editing=\"1\">\u00a0<\/p>\n<p>&nbsp;<\/p>\n<p>&nbsp;<\/p>\n<p>Estimados<\/p>\n<p>Se adjunta link con los horarios, los cuales est\u00e1n todos sujetos a posibles modificaciones.<\/p>\n<p><a href=\"https:\/\/docs.google.com\/document\/d\/1JpTbLfwYJRcHyW8k7gW0YWcUdCo2MFjN\/edit\">Horarios.<\/a><\/p>\n<p>&nbsp;<\/p>\n<p>&nbsp;<\/p>\n<p><a href=\"https:\/\/drive.google.com\/drive\/folders\/1ZbBX-9TZbXwWESKdwlvVOUH0SMfWT_cX?usp=sharing\"><strong>Descargar Material Institucional 2026<\/strong><\/a><\/p>\n","protected":false},"excerpt":{"rendered":"<p>PROFESORADOS\u00a0 2025 &nbsp; &nbsp; &nbsp; &nbsp; &nbsp; \u00a0 INICIO DE INSCRIPCI\u00d3N La inscripci\u00f3n ser\u00e1 de manera presencial en la sede la Instituci\u00f3n Av. Buenos Aires 684 &#8211; de 18 a 21hs\u00a0 Descargar Planilla de Inscripci\u00f3n\u00a0 \u00a0\u00a0\u00a0\u00a0\u00a0\u00a0\u00a0\u00a0\u00a0\u00a0\u00a0\u00a0\u00a0\u00a0\u00a0\u00a0\u00a0 Descargar Ficha de Salud solo para el Profesorado en Educaci\u00f3n F\u00edsica<\/p>\n","protected":false},"author":1,"featured_media":0,"parent":0,"menu_order":0,"comment_status":"closed","ping_status":"closed","template":"","meta":[],"acf":[],"_links":{"self":[{"href":"https:\/\/isfd169-bue.infd.edu.ar\/sitio\/wp-json\/wp\/v2\/pages\/286"}],"collection":[{"href":"https:\/\/isfd169-bue.infd.edu.ar\/sitio\/wp-json\/wp\/v2\/pages"}],"about":[{"href":"https:\/\/isfd169-bue.infd.edu.ar\/sitio\/wp-json\/wp\/v2\/types\/page"}],"author":[{"embeddable":true,"href":"https:\/\/isfd169-bue.infd.edu.ar\/sitio\/wp-json\/wp\/v2\/users\/1"}],"replies":[{"embeddable":true,"href":"https:\/\/isfd169-bue.infd.edu.ar\/sitio\/wp-json\/wp\/v2\/comments?post=286"}],"version-history":[{"count":319,"href":"https:\/\/isfd169-bue.infd.edu.ar\/sitio\/wp-json\/wp\/v2\/pages\/286\/revisions"}],"predecessor-version":[{"id":2387,"href":"https:\/\/isfd169-bue.infd.edu.ar\/sitio\/wp-json\/wp\/v2\/pages\/286\/revisions\/2387"}],"wp:attachment":[{"href":"https:\/\/isfd169-bue.infd.edu.ar\/sitio\/wp-json\/wp\/v2\/media?parent=286"}],"curies":[{"name":"wp","href":"https:\/\/api.w.org\/{rel}","templated":true}]}}